{"id":52,"date":"2021-10-18T15:29:54","date_gmt":"2021-10-18T15:29:54","guid":{"rendered":"https:\/\/britt-stein.de\/?page_id=52"},"modified":"2021-10-18T15:30:46","modified_gmt":"2021-10-18T15:30:46","slug":"datenschutzerklaerung","status":"publish","type":"page","link":"https:\/\/britt-stein.de\/en\/datenschutzerklaerung","title":{"rendered":"Datenschutzerkl\u00e4rung"},"content":{"rendered":"<div data-elementor-type=\"wp-page\" data-elementor-id=\"52\" class=\"elementor elementor-52\" data-elementor-post-type=\"page\">\n\t\t\t\t\t\t<section class=\"elementor-section elementor-top-section elementor-element elementor-element-7eb1a0c elementor-section-boxed elementor-section-height-default elementor-section-height-default\" data-id=\"7eb1a0c\" data-element_type=\"section\" data-e-type=\"section\">\n\t\t\t\t\t\t<div class=\"elementor-container elementor-column-gap-default\">\n\t\t\t\t\t<div class=\"elementor-column elementor-col-100 elementor-top-column elementor-element elementor-element-0590e81\" data-id=\"0590e81\" data-element_type=\"column\" data-e-type=\"column\">\n\t\t\t<div class=\"elementor-widget-wrap elementor-element-populated\">\n\t\t\t\t\t\t<div class=\"elementor-element elementor-element-3e750e3 elementor-widget elementor-widget-heading\" data-id=\"3e750e3\" data-element_type=\"widget\" data-e-type=\"widget\" data-widget_type=\"heading.default\">\n\t\t\t\t<div class=\"elementor-widget-container\">\n\t\t\t\t\t<h2 class=\"elementor-heading-title elementor-size-default\">Datenschutzerkl\u00e4rung<\/h2>\t\t\t\t<\/div>\n\t\t\t\t<\/div>\n\t\t\t\t<div class=\"elementor-element elementor-element-bfcf678 elementor-widget elementor-widget-text-editor\" data-id=\"bfcf678\" data-element_type=\"widget\" data-e-type=\"widget\" data-widget_type=\"text-editor.default\">\n\t\t\t\t<div class=\"elementor-widget-container\">\n\t\t\t\t\t\t\t\t\t<p>Verantwortlicher<br \/>Steuerberaterin Britt Stein<br \/>Diedenhofer Stra\u00dfe 5<br \/>10405 Berlin<br \/>Tel: 030\/706 180<br \/>info@britt-stein.de<br \/><br \/>Der Schutz personenbezogener Daten ist uns sehr wichtig und wir m\u00f6chten, dass Sie sich beim Besuch unserer Internet-Seiten sicher f\u00fchlen. Wir verarbeiten pers\u00f6nliche Daten, die beim Besuch unserer Website erhoben werden, gem\u00e4\u00df den gesetzlichen Bestimmungen, insbesondere im Sinne der EU-Datenschutz-Grundverordnung (DSGVO).<br \/><br \/>Erhebung und Speicherung personenbezogener Daten beim Besuch der Website<br \/>Beim Aufrufen unserer Website werden durch den auf Ihrem Endger\u00e4t zum Einsatz kommenden Browser automatisch Informationen an den Server unserer Website gesendet. Diese Informationen werden tempor\u00e4r in einem sogenannten Logfile gespeichert. Folgende Informationen werden dabei ohne Ihr Zutun erfasst und bis zur automatisierten L\u00f6schung gespeichert:<br \/>\u2022 IP-Adresse des anfragenden Rechners<br \/>\u2022 Datum und Uhrzeit des Zugriffs<br \/>\u2022 Name und URL der abgerufenen Datei<br \/>\u2022 Website, von der aus der Zugriff erfolgt (Referrer-URL)<br \/>\u2022 verwendeter Browser und ggf. das Betriebssystem Ihres Rechners<br \/>\u2022 Name Ihres Access-Providers.<br \/><br \/>Die genannten Daten werden durch uns zu folgenden Zwecken verarbeitet:<br \/>\u2022 Gew\u00e4hrleistung eines reibungslosen Verbindungsaufbaus der Website<br \/>\u2022 Gew\u00e4hrleistung einer komfortablen Nutzung unserer Website<br \/>\u2022 Auswertung der Systemsicherheit und -stabilit\u00e4t<br \/>\u2022 weitere administrative Zwecke<br \/><br \/>Die Rechtsgrundlage f\u00fcr die Datenverarbeitung ist Art. 6 Abs. 1 S. 1 lit. f DSGVO. Unser berechtigtes Interesse folgt aus oben aufgelisteten Zwecken zur Datenerhebung. In keinem Fall verwenden wir die erhobenen Daten zu dem Zweck, R\u00fcckschl\u00fcsse auf Ihre Person zu ziehen.<br \/><br \/>Nutzung und Weitergabe personenbezogener Daten<br \/>Personenbezogene Daten werden nur erhoben, wenn Sie uns diese freiwillig mitteilen. Wir erheben, verarbeiten und nutzen personenbezogene Daten, wie beispielsweise Name, Anschrift oder E-Mail-Adressen der Besucher der Webseite, ohne weitergehende Einwilligung nur, soweit sie f\u00fcr die Vertragsbegr\u00fcndung und -abwicklung erforderlich sind.<br \/><br \/>Ihre pers\u00f6nlichen Daten nur an Dritte weiter, wenn:<br \/>\u2022 Sie Ihre nach Art. 6 Abs. 1 S. 1 lit. a DSGVO ausdr\u00fcckliche Einwilligung dazu erteilt haben.<br \/>\u2022 die Weitergabe nach Art. 6 Abs. 1 S. 1 lit. f DSGVO zur Geltendmachung, Aus\u00fcbung oder Verteidigung von Rechtsanspr\u00fcchen erforderlich ist und kein Grund zur Annahme besteht, dass Sie ein \u00fcberwiegendes schutzw\u00fcrdiges Interesse an der Nichtweitergabe Ihrer Daten haben.<br \/>\u2022 eine gesetzliche Verpflichtung f\u00fcr die Weitergabe nach Art. 6 Abs. 1 S. 1 lit. c DSGVO besteht.<br \/>\u2022 dies gesetzlich zul\u00e4ssig und nach Art. 6 Abs. 1 S. 1 lit. b DSGVO f\u00fcr die Abwicklung von Vertragsverh\u00e4ltnissen mit Ihnen erforderlich ist.<br \/><br \/>Betroffenenrechte<br \/>Sie haben das Recht:<br \/>\u2022 gem\u00e4\u00df Art. 15 DSGVO Auskunft \u00fcber Ihre von uns verarbeiteten personenbezogenen Daten zu verlangen.<br \/>\u2022 gem\u00e4\u00df Art. 16 DSGVO unverz\u00fcglich die Berichtigung unrichtiger oder Vervollst\u00e4ndigung Ihrer bei uns gespeicherten personenbezogenen Daten zu verlangen.<br \/>\u2022 gem\u00e4\u00df Art. 17 DSGVO die L\u00f6schung Ihrer bei uns gespeicherten personenbezogenen Daten zu verlangen.<br \/>\u2022 Ihr Widerrufsrecht gem\u00e4\u00df Art. 7 Abs. 3 DSGVO auszu\u00fcben.<br \/>\u2022 Ihr Beschwerderecht gem\u00e4\u00df Art. 77 DSGVO gegen\u00fcber der Aufsichtsbeh\u00f6rde auszu\u00fcben.<br \/><br \/><br \/>Hinweise auf die Nutzung Sozialer Netzwerke<br \/>Soweit wir auf unserer Website Links zu externen Sozialen Netzwerken anbieten, sind diese z. B. als Logos oder mit dem Zusatz \u201eGef\u00e4llt mir\u201c kenntlich gemacht. Wird diesen Verweisen durch einen Klick gefolgt, werden in der Regel Plugins aktiviert und Ihr Browser stellt eine direkte Verbindung mit den Servern des jeweiligen Sozialen Netzwerks her. Folgen Sie diesen Verweisen und registrieren sich dort, wird die Information, dass Sie auf unserer Website waren, an das jeweilige Soziale Netzwerk weitergeleitet. Den Besuch unserer Website kann in der Regel der Soziales-Netzwerk-Betreiber Ihrem Konto zuordnen und auf Webservern im Ausland speichern. Auf den Umfang der Datenerhebung, die Verarbeitung Ihrer pers\u00f6nlichen Daten durch die Sozialen Netzwerke und Ihre Rechte in Sozialen Netzwerken haben wir keinen Einfluss.<br \/><br \/>Webseitenanalyse mit Google Analytics<br \/>Diese Website benutzt Google Analytics, einen Webanalysedienst der Google Inc. (\u201eGoogle\u201c). Informationen \u00fcber den Besuch der Website oder den Besuch von Unterverzeichnissen unserer Website werden unter einem Pseudonym (Browser-Cookie) zur Bewertung, Verbesserung und Einblendung von relevanten Inhalten auf der Website verwendet. Cookies sind Textdateien, die beim Besuch der Website auf Ihrem Computer gespeichert werden und eine Analyse der Benutzung der Website durch Sie erm\u00f6glichen. Die durch den Cookie erzeugten Informationen \u00fcber Ihre Benutzung dieser Website werden in der Regel an einen Server von Google in den USA \u00fcbertragen und dort gespeichert.<br \/><br \/>Durch die Aktivierung der IP-Anonymisierung auf dieser Website wird Ihre IP-Adresse von Google jedoch innerhalb von Mitgliedstaaten der Europ\u00e4ischen Union oder in anderen Vertragsstaaten des Abkommens \u00fcber den Europ\u00e4ischen Wirtschaftsraum zuvor gek\u00fcrzt. Nur in Ausnahmef\u00e4llen wird die volle IP-Adresse an einen Server von Google in den USA \u00fcbertragen und dort gek\u00fcrzt. Google wird diese Informationen benutzen, um Ihre Nutzung der Website auszuwerten, um Reports \u00fcber die Websiteaktivit\u00e4ten zusammenzustellen und um weitere mit der Websitenutzung und der Internetnutzung verbundene Dienstleistungen zu dokumentieren. Die im Rahmen von Google Analytics von Ihrem Browser \u00fcbermittelte IP-Adresse wird nicht mit anderen Daten von Google zusammengef\u00fchrt.<br \/><br \/>Sie k\u00f6nnen die Installation der Cookies durch eine entsprechende Einstellung Ihrer Browser-Software verhindern; wir weisen Sie jedoch darauf hin, dass Sie in diesem Fall gegebenenfalls nicht s\u00e4mtliche Funktionen dieser Website vollumf\u00e4nglich nutzen k\u00f6nnen. Sie k\u00f6nnen dar\u00fcber hinaus die Erfassung der durch das Cookie erzeugten und auf Ihre Nutzung der Website bezogenen Daten (inkl. Ihrer IP-Adresse) an Google sowie die Verarbeitung dieser Daten durch Google verhindern, indem Sie das unter dem folgenden Link verf\u00fcgbare Browser-Plugin herunterladen und installieren: http:\/\/tools.google.com\/dlpage\/gaoptout?hl=de\/a&gt;<br \/><br \/>Alternativ zum Browser-Plugin oder innerhalb von Browsern auf mobilen Ger\u00e4ten klicken Sie bitte auf den folgenden Link, um ein Opt-Out-Cookie zu setzen, das die Erfassung durch Google Analytics innerhalb dieser Website zuk\u00fcnftig verhindert (dieses Opt-Out-Cookie funktioniert nur in diesem Browser und nur f\u00fcr diese Domain, l\u00f6schen Sie Ihre Cookies in diesem Browser, m\u00fcssen Sie diesen Link erneut klicken): Google Analytics deaktivieren<br \/><br \/>Allgemeine Informationen zu Google Analytics und Datenschutz finden Sie unter www.google.com\/intl\/de\/analytics\/privacyoverview.html.<br \/><br \/>Google Maps und Google Fonts<br \/>Diese Internetseite verwendet Google Fonts und Google Maps, Dienste der Google Inc. Die Einbindung dieser Dienste erfolgt durch einen Serveraufruf, normalerweise ein Server von Google in den USA. Dadurch wird an den Server \u00fcbermittelt, welche Internseite Sie besucht haben. Zudem wird die IP-Adresse des Browsers des Endger\u00e4tes des Besuchers dieser Internetseite von Google gespeichert.<br \/><br \/>Weitere Informationen finden Sie in den Datenschutzhinweisen von Google, welche \u00fcber folgende Links abgerufen werden k\u00f6nnen:<br \/>www.google.com\/fonts#AboutPlace:about<br \/>www.google.com\/policies\/privacy\/ Stand 04\/2018<\/p>\t\t\t\t\t\t\t\t<\/div>\n\t\t\t\t<\/div>\n\t\t\t\t\t<\/div>\n\t\t<\/div>\n\t\t\t\t\t<\/div>\n\t\t<\/section>\n\t\t\t\t<\/div>","protected":false},"excerpt":{"rendered":"<p>Datenschutzerkl\u00e4rung VerantwortlicherSteuerberaterin Britt SteinDiedenhofer Stra\u00dfe 510405 BerlinTel: 030\/706 180info@britt-stein.de Der Schutz personenbezogener Daten ist uns sehr wichtig und wir m\u00f6chten, dass Sie sich beim Besuch unserer Internet-Seiten sicher f\u00fchlen. Wir verarbeiten pers\u00f6nliche Daten, die beim Besuch unserer Website erhoben werden, gem\u00e4\u00df den gesetzlichen Bestimmungen, insbesondere im Sinne der EU-Datenschutz-Grundverordnung (DSGVO). Erhebung und Speicherung personenbezogener Daten [&hellip;]<\/p>\n","protected":false},"author":1,"featured_media":0,"parent":0,"menu_order":0,"comment_status":"closed","ping_status":"closed","template":"","meta":{"footnotes":""},"class_list":["post-52","page","type-page","status-publish","hentry"],"_links":{"self":[{"href":"https:\/\/britt-stein.de\/en\/wp-json\/wp\/v2\/pages\/52","targetHints":{"allow":["GET"]}}],"collection":[{"href":"https:\/\/britt-stein.de\/en\/wp-json\/wp\/v2\/pages"}],"about":[{"href":"https:\/\/britt-stein.de\/en\/wp-json\/wp\/v2\/types\/page"}],"author":[{"embeddable":true,"href":"https:\/\/britt-stein.de\/en\/wp-json\/wp\/v2\/users\/1"}],"replies":[{"embeddable":true,"href":"https:\/\/britt-stein.de\/en\/wp-json\/wp\/v2\/comments?post=52"}],"version-history":[{"count":7,"href":"https:\/\/britt-stein.de\/en\/wp-json\/wp\/v2\/pages\/52\/revisions"}],"predecessor-version":[{"id":59,"href":"https:\/\/britt-stein.de\/en\/wp-json\/wp\/v2\/pages\/52\/revisions\/59"}],"wp:attachment":[{"href":"https:\/\/britt-stein.de\/en\/wp-json\/wp\/v2\/media?parent=52"}],"curies":[{"name":"wp","href":"https:\/\/api.w.org\/{rel}","templated":true}]}}