{"id":43,"date":"2021-10-18T15:25:32","date_gmt":"2021-10-18T15:25:32","guid":{"rendered":"https:\/\/britt-stein.de\/?page_id=43"},"modified":"2021-12-08T17:06:44","modified_gmt":"2021-12-08T17:06:44","slug":"impressum","status":"publish","type":"page","link":"https:\/\/britt-stein.de\/en\/impressum","title":{"rendered":"Impressum"},"content":{"rendered":"<div data-elementor-type=\"wp-page\" data-elementor-id=\"43\" class=\"elementor elementor-43\" data-elementor-post-type=\"page\">\n\t\t\t\t\t\t<section class=\"elementor-section elementor-top-section elementor-element elementor-element-632a8f2 elementor-section-boxed elementor-section-height-default elementor-section-height-default\" data-id=\"632a8f2\" data-element_type=\"section\" data-e-type=\"section\">\n\t\t\t\t\t\t<div class=\"elementor-container elementor-column-gap-default\">\n\t\t\t\t\t<div class=\"elementor-column elementor-col-100 elementor-top-column elementor-element elementor-element-f362419\" data-id=\"f362419\" data-element_type=\"column\" data-e-type=\"column\">\n\t\t\t<div class=\"elementor-widget-wrap elementor-element-populated\">\n\t\t\t\t\t\t<div class=\"elementor-element elementor-element-8a3c083 elementor-widget elementor-widget-heading\" data-id=\"8a3c083\" data-element_type=\"widget\" data-e-type=\"widget\" data-widget_type=\"heading.default\">\n\t\t\t\t<div class=\"elementor-widget-container\">\n\t\t\t\t\t<h2 class=\"elementor-heading-title elementor-size-default\">IMPRINT<\/h2>\t\t\t\t<\/div>\n\t\t\t\t<\/div>\n\t\t\t\t\t<\/div>\n\t\t<\/div>\n\t\t\t\t\t<\/div>\n\t\t<\/section>\n\t\t\t\t<section class=\"elementor-section elementor-top-section elementor-element elementor-element-77f0921 elementor-section-boxed elementor-section-height-default elementor-section-height-default\" data-id=\"77f0921\" data-element_type=\"section\" data-e-type=\"section\">\n\t\t\t\t\t\t<div class=\"elementor-container elementor-column-gap-default\">\n\t\t\t\t\t<div class=\"elementor-column elementor-col-100 elementor-top-column elementor-element elementor-element-2434abb\" data-id=\"2434abb\" data-element_type=\"column\" data-e-type=\"column\">\n\t\t\t<div class=\"elementor-widget-wrap elementor-element-populated\">\n\t\t\t\t\t\t<div class=\"elementor-element elementor-element-57c17c0 elementor-widget elementor-widget-text-editor\" data-id=\"57c17c0\" data-element_type=\"widget\" data-e-type=\"widget\" data-widget_type=\"text-editor.default\">\n\t\t\t\t<div class=\"elementor-widget-container\">\n\t\t\t\t\t\t\t\t\t<p>Diplom-Kauffrau<br \/>Britt Stein<br \/>Steuerberaterin<br \/>Diedenhofer Stra\u00dfe 5<br \/>10405 Berlin<\/p><p>Telefon: 030 \/ 7061804<br \/>Telefax: 030 \/ 70765109<br \/>E-Mail: info@britt-stein.de<\/p><p>Zust\u00e4ndige Aufsichtsbeh\u00f6rde und berufsrechtliche Organisation (Kammer): Steuerberaterkammer Berlin<br \/>E-Mail: info@stbkammer-berlin.de\u00a0Frau Stein tr\u00e4gt die Berufsbezeichnung Steuerberaterin (verliehen in der Bundesrepublik Deutschland)<\/p><p>Berufsrechtliche Regelungen:<br \/>Der Berufsstand der Steuerberater unterliegt im wesentlichen den folgenden berufsrechtlichen Regelungen, die bei der zust\u00e4ndigen Steuerberaterkammer Berlin eingesehen werden k\u00f6nnen: Steuerberatungsgesetz (StBerG), Durchf\u00fchrungsverordnungen zum Steuerberatungsgesetz (DVStB), Berufsordnung (BOStB) und Steuerberatergeb\u00fchrenverordnung (StBGebV)<br \/>Die Regelungen k\u00f6nnen bei der Bundessteuerberaterkammer unter http:\/\/www.bstbk.de (dort unter downloads\/Berufsrecht) eingesehen werden.<\/p><p>Berufshaftpflicht:<br \/>HDI Gerling<br \/>Riethorst 2<br \/>30659 Hannover<\/p><p>Allgemeine Gesch\u00e4ftsbedingungen:<\/p><p>Unsere T\u00e4tigkeiten liegen die Allgemeinen Auftragsbedingungen f\u00fcr Steuerberater, Steuerbevollm\u00e4chtigte und Steuerberatungsgesellschaften zu Grunde.<a href=\"https:\/\/britt-stein.de\/en\/pdf\/agbstb.pdf\/\">&gt;&gt;&gt;&gt;<\/a><\/p><p>Haftungsausschluss:<br \/>Frau Stein hat den Inhalt ihrer Internet-Pr\u00e4senz mit gro\u00dfer Sorgfalt zusammengestellt und gepr\u00fcft. Dennoch muss f\u00fcr Korrektheit, Aktualit\u00e4t und Vollst\u00e4ndigkeit jede Gew\u00e4hr, Haftung oder Garantie ausgeschlossen werden. Dies gilt auch f\u00fcr alle innerhalb der Internet-Pr\u00e4senz gesetzten Links.<br \/>Frau Stein hat keinerlei Einfluss auf die aktuelle und zuk\u00fcnftige Gestaltung und auf die Inhalte der verkn\u00fcpften Seiten. Sie distanziert sich daher ausdr\u00fccklich von illegalen oder gegen die guten Sitten versto\u00dfenden Inhalten der verlinkten Seiten. F\u00fcr illegale, fehlerhafte oder unvollst\u00e4ndige Inhalte und insbesondere f\u00fcr Sch\u00e4den, die aus der Nutzung oder Nichtnutzung der \u00fcber die Verlinkung angebotenen Informationen entstehen, haftet alleine der Anbieter der Seite, auf die verwiesen wurde, nicht jedoch Frau Stein, die durch die Linksetzung lediglich auf die Ver\u00f6ffentlichung verweist.<\/p>\t\t\t\t\t\t\t\t<\/div>\n\t\t\t\t<\/div>\n\t\t\t\t\t<\/div>\n\t\t<\/div>\n\t\t\t\t\t<\/div>\n\t\t<\/section>\n\t\t\t\t<section class=\"elementor-section elementor-top-section elementor-element elementor-element-9a40165 elementor-section-boxed elementor-section-height-default elementor-section-height-default\" data-id=\"9a40165\" data-element_type=\"section\" data-e-type=\"section\">\n\t\t\t\t\t\t<div class=\"elementor-container elementor-column-gap-default\">\n\t\t\t\t\t<div class=\"elementor-column elementor-col-100 elementor-top-column elementor-element elementor-element-4ff1a14\" data-id=\"4ff1a14\" data-element_type=\"column\" data-e-type=\"column\">\n\t\t\t<div class=\"elementor-widget-wrap elementor-element-populated\">\n\t\t\t\t\t\t<div class=\"elementor-element elementor-element-102c0f8 elementor-widget elementor-widget-heading\" data-id=\"102c0f8\" data-element_type=\"widget\" data-e-type=\"widget\" data-widget_type=\"heading.default\">\n\t\t\t\t<div class=\"elementor-widget-container\">\n\t\t\t\t\t<h2 class=\"elementor-heading-title elementor-size-default\">IMPRESSUM - English version<\/h2>\t\t\t\t<\/div>\n\t\t\t\t<\/div>\n\t\t\t\t<div class=\"elementor-element elementor-element-734fef1 elementor-widget elementor-widget-text-editor\" data-id=\"734fef1\" data-element_type=\"widget\" data-e-type=\"widget\" data-widget_type=\"text-editor.default\">\n\t\t\t\t<div class=\"elementor-widget-container\">\n\t\t\t\t\t\t\t\t\t<p>Diplom-Kauffrau<br \/>Britt Stein<br \/>Steuerberaterin<br \/>Diedenhofer Stra\u00dfe 5<br \/>10405 Berlin<\/p><p>\u00a0<\/p><p>Telefon: 030 \/ 7061804<br \/>Telefax: 030 \/ 70765109<br \/>E-Mail: <a href=\"mailto:info@britt-stein.de\">info@britt-stein.de<\/a><\/p><p>\u00a0<\/p><p>Responsible supervisory authority and professional organisation (chamber): Chamber of Tax consultants Berlin.<br \/>Email:info@stbkammer-berlin.de Ms. Stein holds the job title of a Tax consultant (awarded in the Federal Republic of Germany.)<\/p><p>Professional regulations:<br \/>The Tax consultant\u2019s profession is essentially subject to the following Professional regulations, which can be viewed at the responsible chamber of Tax consultants in Berlin:\u00a0\u00a0\u00a0<br \/>Tax consultants act (StBerG), Implementing Regulations for the Tax consultants act (DVStB), Professional Code (BOStB) and Tax consultants Fee Ordinance (StBGebV)<\/p><p>The regulations can be viewed at the Federal Chamber of Tax advisors at http:\/\/www.bstbk.de (there under downloads\/Berufsrecht) \u00a0\u00a0\u00a0\u00a0\u00a0\u00a0\u00a0\u00a0\u00a0\u00a0\u00a0\u00a0<\/p><p>Professional liability:<br \/>Berufshaftpflicht:<br \/>HDI Gerling<br \/>Riethorst 2<br \/>30659 Hannover<\/p><p>\u00a0<\/p><p>Terms of Service:<br \/>Our activities are based on the general terms and conditions for Tax consultants, Tax agents and Tax consultantancy companies. &gt;&gt;&gt;&gt;<\/p><p>Disclaimer:<br \/>Ms. Stein has complied and checked the content of her website with great care. Nevertheless, any guarantee, liability or guarantee must be excluded for correctness, topicality and completeness. This also applies to all links set within the internet presence. Ms. Stein has no influence on the current and future design and content of the linked pages.<\/p><p>It therefor expressly distances itself from any content on the linked pages that is illegal or contrary to common decency. The provider of the linked page is solely liable for illegal, incorrect or incomplete content and in particular for damage resulting from the use or non-use of the information provided via the link, but not Ms. Stein, who only refers to the Publication references. <\/p>\t\t\t\t\t\t\t\t<\/div>\n\t\t\t\t<\/div>\n\t\t\t\t\t<\/div>\n\t\t<\/div>\n\t\t\t\t\t<\/div>\n\t\t<\/section>\n\t\t\t\t<\/div>","protected":false},"excerpt":{"rendered":"<p>IMPRESSUM Diplom-KauffrauBritt SteinSteuerberaterinDiedenhofer Stra\u00dfe 510405 Berlin Telefon: 030 \/ 7061804Telefax: 030 \/ 70765109E-Mail: info@britt-stein.de Zust\u00e4ndige Aufsichtsbeh\u00f6rde und berufsrechtliche Organisation (Kammer): Steuerberaterkammer BerlinE-Mail: info@stbkammer-berlin.de\u00a0Frau Stein tr\u00e4gt die Berufsbezeichnung Steuerberaterin (verliehen in der Bundesrepublik Deutschland) Berufsrechtliche Regelungen:Der Berufsstand der Steuerberater unterliegt im wesentlichen den folgenden berufsrechtlichen Regelungen, die bei der zust\u00e4ndigen Steuerberaterkammer Berlin eingesehen werden k\u00f6nnen: Steuerberatungsgesetz [&hellip;]<\/p>\n","protected":false},"author":1,"featured_media":0,"parent":0,"menu_order":0,"comment_status":"closed","ping_status":"closed","template":"","meta":{"footnotes":""},"class_list":["post-43","page","type-page","status-publish","hentry"],"_links":{"self":[{"href":"https:\/\/britt-stein.de\/en\/wp-json\/wp\/v2\/pages\/43","targetHints":{"allow":["GET"]}}],"collection":[{"href":"https:\/\/britt-stein.de\/en\/wp-json\/wp\/v2\/pages"}],"about":[{"href":"https:\/\/britt-stein.de\/en\/wp-json\/wp\/v2\/types\/page"}],"author":[{"embeddable":true,"href":"https:\/\/britt-stein.de\/en\/wp-json\/wp\/v2\/users\/1"}],"replies":[{"embeddable":true,"href":"https:\/\/britt-stein.de\/en\/wp-json\/wp\/v2\/comments?post=43"}],"version-history":[{"count":14,"href":"https:\/\/britt-stein.de\/en\/wp-json\/wp\/v2\/pages\/43\/revisions"}],"predecessor-version":[{"id":256,"href":"https:\/\/britt-stein.de\/en\/wp-json\/wp\/v2\/pages\/43\/revisions\/256"}],"wp:attachment":[{"href":"https:\/\/britt-stein.de\/en\/wp-json\/wp\/v2\/media?parent=43"}],"curies":[{"name":"wp","href":"https:\/\/api.w.org\/{rel}","templated":true}]}}